{"id":16175,"date":"2019-07-10T07:42:46","date_gmt":"2019-07-10T11:42:46","guid":{"rendered":"https:\/\/escolapios.cl\/wp\/?page_id=16175"},"modified":"2025-05-26T11:33:47","modified_gmt":"2025-05-26T15:33:47","slug":"casa-san-jose-de-calasanz-de-malloco","status":"publish","type":"page","link":"https:\/\/escolapios.cl\/wp\/casa-san-jose-de-calasanz-de-malloco\/","title":{"rendered":"Casa San Jos\u00e9 de Calasanz de Malloco"},"content":{"rendered":"<p>[vc_row css_animation=\u00bb\u00bb row_type=\u00bbrow\u00bb use_row_as_full_screen_section=\u00bbno\u00bb type=\u00bbgrid\u00bb angled_section=\u00bbno\u00bb text_align=\u00bbleft\u00bb background_image_as_pattern=\u00bbwithout_pattern\u00bb background_color=\u00bb#ffffff\u00bb border_color=\u00bb#eeeeee\u00bb padding_top=\u00bb73&#8243; padding_bottom=\u00bb4&#8243; z_index=\u00bb\u00bb][vc_column][vc_column_text]<strong><u>CASA DE RETIRO SAN JOS\u00c9 DE CALASANZ MALLOCO<\/u><\/strong><\/p>\n<p><strong>HISTORIA<\/strong><\/p>\n<p>En 1948 se vio la conveniencia de tener una casa noviciado, pues se percib\u00eda cierta inclinaci\u00f3n hacia la vida religiosa en algunos alumnos del Colegio Hispano Americano. Se compr\u00f3 un terreno en Pichilemu. Pero luego se vio que aquel lugar quedaba muy distante de Santiago (227 km.), y decidieron comprar otro m\u00e1s cercano, en Malloco, a s\u00f3lo 35 km. En 1953 se compr\u00f3 la finca en cuesti\u00f3n, por 1.400.000 pesos.\u00a0\u00a0 En la finca hab\u00eda una casa, pero que resultaba peque\u00f1a para la finalidad que se le quer\u00eda dar. En 1954 se hicieron arreglos, y se bendijo\u00a0 la\u00a0 capilla.\u00a0 En\u00a0 1955\u00a0 se\u00a0 construy\u00f3\u00a0 un\u00a0 pabell\u00f3n\u00a0 para\u00a0 albergar\u00a0 20-25\u00a0 postulantes\u00a0 y novicios. En marzo de 1956 siete muchachos comenzaron all\u00ed su formaci\u00f3n. Uno de ellos, Carlos Matthey, comienza el noviciado. La inauguraci\u00f3n solemne de la casa se hizo el 12 de septiembre de 1956. El P. F\u00e9lix Barbar\u00edn era Presidente de la comunidad y Maestro; con \u00e9l se encontraban el P. Silvano Gonz\u00e1lez y el H. Pedro Larri\u00f3n.<\/p>\n<p>La casa de formaci\u00f3n nunca se llen\u00f3 del todo; el a\u00f1o de m\u00e1xima ocupaci\u00f3n fue 1960, con 16 aspirantes y un novicio. Se ve que al menos se hac\u00eda un considerable esfuerzo por conseguir vocaciones, aunque los resultados no fueron muy brillantes. En el periodo que estudiamos s\u00f3lo lleg\u00f3 a haber un total de 8 novicios, de los cuales solamente tres hicieron los votos solemnes (Carlos Matthey, Jos\u00e9 A. L\u00f3pez Cap\u00f3 y Carlos Maira). Los aspirantes al principio recib\u00edan las clases en la casa de Malloco, y estaban inscritos oficialmente en el Hispano para que sus estudios tuvieran validez. Pero al final, viendo que esto supon\u00eda un esfuerzo extraordinario por parte de quienes les daban clase, se decidi\u00f3 que fueran cada d\u00eda a clase al Hispano.<\/p>\n<p>En 1960 la casa fue declarada independiente de la comunidad del Hispano, y se nombr\u00f3 un rector propio, el P. Felipe Echauri. Aquel a\u00f1o la comunidad estaba formada 5 sacerdotes, 1 hermano y 1 novicio. Los religiosos y los j\u00f3venes colaboraban en la pastoral de las parroquias de la zona, y acog\u00edan a los vecinos que asist\u00edan a la misa celebrada en la capilla. Los habitantes de la casa ten\u00edan a su cargo tambi\u00e9n una huerta de la que obten\u00edan buena parte de sus alimentos, y una granja donde criaban diversos animales dom\u00e9sticos, para ayudarse econ\u00f3micamente.<\/p>\n<p>Con el paso de los a\u00f1os escolapios, viendo los cambios que ven\u00edan y\u00a0 en 1995\u00a0 decidieron\u00a0 convertir\u00a0 la\u00a0 casa\u00a0 en\u00a0 una\u00a0 verdadera\u00a0 casa\u00a0 de\u00a0 ejercicios\u00a0 y convivencias,\u00a0\u00a0 con\u00a0\u00a0 todos\u00a0\u00a0 los\u00a0\u00a0 elementos\u00a0\u00a0 necesarios\u00a0\u00a0 para\u00a0\u00a0 poder\u00a0\u00a0 acoger\u00a0\u00a0 grupos\u00a0\u00a0 ajenos. Presentaron el proyecto a Pamplona y a Roma, y fue aprobado.<\/p>\n<p><strong>EN ESTOS D\u00cdAS<\/strong><\/p>\n<p>En la actualidad la casa se ofrece como \u201cun lugar para compartir, para reflexionar, para el encuentro, para orar\u201d. A ella concurren diferentes grupos que pertenecen a los colegios y parroquias de las Escuelas P\u00edas y otras instituciones religiosas y laicas.<\/p>\n<p>En ella se realizan jornadas de reflexi\u00f3n, ejercicios espirituales, encuentros de scouts y\u00a0 deportivos, celebraciones familiares y especiales.<\/p>\n<p>La casa cuenta entre sus instalaciones, con 50 piezas individuales con ba\u00f1o compartido, sala de reuniones con multimedia para 50 personas, seis salas de reuniones para grupos reducidos, capilla y sacrist\u00eda, comedor para 70 personas y un ambiente rodeado de \u00e1reas verdes que favorecen la reflexi\u00f3n y el esparcimiento.<\/p>\n<p><strong>Informaciones y Reservas <\/strong><\/p>\n<ul>\n<li>+56223411449 Secretar\u00eda<\/li>\n<li>+56973068844 Encargado<\/li>\n<li>+56958734365 Fuera de horario de oficina<\/li>\n<li>E-mail: <a href=\"mailto:casademalloco@escolapios.cl\">casademalloco@escolapios.cl<\/a><\/li>\n<li>P\u00e1g Web : <a href=\"http:\/\/www.escolapios.cl\">escolapios.cl\u00a0<\/a><\/li>\n<\/ul>\n<p>[\/vc_column_text][vc_separator type=\u00bbsmall\u00bb position=\u00bbcenter\u00bb up=\u00bb20&#8243; down=\u00bb80&#8243;][vc_row_inner row_type=\u00bbrow\u00bb type=\u00bbfull_width\u00bb text_align=\u00bbleft\u00bb css_animation=\u00bb\u00bb][vc_column_inner width=\u00bb1\/6&#8243;]<div class='q_team'><div class='q_team_inner'><div class='q_team_image'><img itemprop='image' data-src='https:\/\/escolapios.cl\/wp\/wp-content\/uploads\/2019\/07\/Patricia-L\u00f3pez.jpg' alt='Patricia-L\u00f3pez' src='data:image\/svg+xml;base64,PHN2ZyB3aWR0aD0iMSIgaGVpZ2h0PSIxIiB4bWxucz0iaHR0cDovL3d3dy53My5vcmcvMjAwMC9zdmciPjwvc3ZnPg==' class='lazyload' style='--smush-placeholder-width: 146px; --smush-placeholder-aspect-ratio: 146\/159;' \/><div class='q_team_description_wrapper'><div class='q_team_description'><div class='q_team_description_inner'><p>casademalloco@escolapios.cl<\/p><\/div><\/div><\/div><\/div><div class='q_team_text' ><div class='q_team_text_inner'><div class='q_team_title_holder'><h3 class='q_team_name' style = ''>Patricia L\u00f3pez <\/h3><span style = ''>Responsable<\/span><\/div><div class='separator small center' style = ''><\/div><\/div><div class='q_team_social_holder'><span class='q_social_icon_holder normal_social' ><a itemprop='url' href='https:\/\/www.facebook.com\/' target='_blank'><i class=\"qode_icon_font_awesome fa fa-envelope fa-2x simple_social\" style=\"\" ><\/i><\/a><\/span><span class='q_social_icon_holder normal_social' ><a itemprop='url' href='https:\/\/twitter.com\/' target='_blank'><i class=\"qode_icon_font_awesome fa fa-twitter fa-2x simple_social\" style=\"\" ><\/i><\/a><\/span><span class='q_social_icon_holder normal_social' ><a itemprop='url' href='https:\/\/plus.google.com\/' target='_blank'><i class=\"qode_icon_font_awesome fa fa-google-plus fa-2x simple_social\" style=\"\" ><\/i><\/a><\/span><span class='q_social_icon_holder normal_social' ><a itemprop='url' href='https:\/\/www.linkedin.com\/\u200e' target='_blank'><i class=\"qode_icon_font_awesome fa fa-linkedin fa-2x simple_social\" style=\"\" ><\/i><\/a><\/span><span class='q_social_icon_holder normal_social' ><a itemprop='url' href='http:\/\/dribbble.com\/' target='_blank'><i class=\"qode_icon_font_awesome fa fa-dribbble fa-2x simple_social\" style=\"\" ><\/i><\/a><\/span><\/div><\/div><\/div><\/div>[vc_separator type=\u00bbtransparent\u00bb up=\u00bb60&#8243; down=\u00bb0&#8243;][\/vc_column_inner][vc_column_inner width=\u00bb1\/6&#8243;][vc_separator type=\u00bbtransparent\u00bb up=\u00bb60&#8243; down=\u00bb0&#8243;][\/vc_column_inner][vc_column_inner width=\u00bb1\/6&#8243;][vc_separator type=\u00bbtransparent\u00bb up=\u00bb60&#8243; down=\u00bb0&#8243;][\/vc_column_inner][vc_column_inner width=\u00bb1\/6&#8243;][\/vc_column_inner][vc_column_inner width=\u00bb1\/6&#8243;][\/vc_column_inner][vc_column_inner width=\u00bb1\/6&#8243;][\/vc_column_inner][\/vc_row_inner][vc_gallery type=\u00bbnivo\u00bb interval=\u00bb3&#8243; images=\u00bb16181,16183,17194,17193,17192,17191,17190&#8243; img_size=\u00bblarge\u00bb][vc_column_text][\/vc_column_text][\/vc_column][\/vc_row][vc_row css_animation=\u00bb\u00bb row_type=\u00bbrow\u00bb use_row_as_full_screen_section=\u00bbno\u00bb type=\u00bbfull_width\u00bb angled_section=\u00bbno\u00bb text_align=\u00bbleft\u00bb background_image_as_pattern=\u00bbwithout_pattern\u00bb][vc_column width=\u00bb1\/2&#8243;][\/vc_column][vc_column width=\u00bb1\/2&#8243;][\/vc_column][\/vc_row][vc_row css_animation=\u00bb\u00bb row_type=\u00bbrow\u00bb use_row_as_full_screen_section=\u00bbno\u00bb type=\u00bbgrid\u00bb angled_section=\u00bbno\u00bb text_align=\u00bbleft\u00bb background_image_as_pattern=\u00bbwithout_pattern\u00bb background_color=\u00bb#f8f8f8&#8243; padding_top=\u00bb80&#8243; padding_bottom=\u00bb34&#8243;][vc_column][vc_column_text]<\/p>\n<h2 style=\"text-align: left;\">Direcci\u00f3n<\/h2>\n<p>[\/vc_column_text][vc_row_inner row_type=\u00bbrow\u00bb type=\u00bbfull_width\u00bb text_align=\u00bbleft\u00bb css_animation=\u00bb\u00bb][vc_column_inner width=\u00bb1\/4&#8243;][vc_separator type=\u00bbtransparent\u00bb up=\u00bb60&#8243; down=\u00bb0&#8243;][vc_column_text]Av. Miraflores 1683<br \/>\nPe\u00f1aflor<br \/>\nRegi\u00f3n Metropolitana<br \/>\nTel\u00e9fono: +56 (22) 22812 30 18<br \/>\nemail: casademalloco@escolapios.cl[\/vc_column_text][\/vc_column_inner][\/vc_row_inner][\/vc_column][\/vc_row][vc_row css_animation=\u00bb\u00bb row_type=\u00bbrow\u00bb use_row_as_full_screen_section=\u00bbno\u00bb type=\u00bbfull_width\u00bb angled_section=\u00bbno\u00bb text_align=\u00bbleft\u00bb background_image_as_pattern=\u00bbwithout_pattern\u00bb][vc_column][vc_gmaps link=\u00bb#E-8_JTNDaWZyYW1lJTIwc3JjJTNEJTIyaHR0cHMlM0ElMkYlMkZ3d3cuZ29vZ2xlLmNvbSUyRm1hcHMlMkZlbWJlZCUzRnBiJTNEJTIxMW0xOCUyMTFtMTIlMjExbTMlMjExZDM5NzYuNjA4MTQ1MjkyNDMyJTIxMmQtNzAuODcxMzczODIzNTQyNjUlMjEzZC0zMy41OTk3MTIzMDUxNzMxMzUlMjEybTMlMjExZjAlMjEyZjAlMjEzZjAlMjEzbTIlMjExaTEwMjQlMjEyaTc2OCUyMTRmMTMuMSUyMTNtMyUyMTFtMiUyMTFzMHg5NjYyZTZkMDdmMjlmNTdkJTI1M0EweDUxYjUwMTRjNWE5ZDY1MDAlMjEyc0F2LiUyNTIwTWlyYWZsb3JlcyUyNTIwMTY4MyUyNTJDJTI1MjA5NzYxMDQ0JTI1MjBQZW5hZmxvciUyNTJDJTI1MjBQZSUyNUMzJTI1QjFhZmxvciUyNTJDJTI1MjBSZWdpJTI1QzMlMjVCM24lMjUyME1ldHJvcG9saXRhbmElMjE1ZTElMjEzbTIlMjExc2VzJTIxMnNjbCUyMTR2MTc0ODI3MzUwNzQzNyUyMTVtMiUyMTFzZXMlMjEyc2NsJTIyJTIwd2lkdGglM0QlMjI2MDAlMjIlMjBoZWlnaHQlM0QlMjI0NTAlMjIlMjBzdHlsZSUzRCUyMmJvcmRlciUzQTAlM0IlMjIlMjBhbGxvd2Z1bGxzY3JlZW4lM0QlMjIlMjIlMjBsb2FkaW5nJTNEJTIybGF6eSUyMiUyMHJlZmVycmVycG9saWN5JTNEJTIybm8tcmVmZXJyZXItd2hlbi1kb3duZ3JhZGUlMjIlM0UlM0MlMkZpZnJhbWUlM0U=\u00bb][\/vc_column][\/vc_row]<\/p>\n","protected":false},"excerpt":{"rendered":"<p>[vc_row css_animation=\u00bb\u00bb row_type=\u00bbrow\u00bb use_row_as_full_screen_section=\u00bbno\u00bb type=\u00bbgrid\u00bb angled_section=\u00bbno\u00bb text_align=\u00bbleft\u00bb background_image_as_pattern=\u00bbwithout_pattern\u00bb background_color=\u00bb#ffffff\u00bb border_color=\u00bb#eeeeee\u00bb padding_top=\u00bb73&#8243; padding_bottom=\u00bb4&#8243; z_index=\u00bb\u00bb][vc_column][vc_column_text]CASA DE RETIRO SAN JOS\u00c9 DE CALASANZ MALLOCO HISTORIA En 1948 se vio la conveniencia de tener una casa noviciado, pues se percib\u00eda cierta inclinaci\u00f3n hacia la vida religiosa en algunos alumnos del&#8230;<\/p>\n","protected":false},"author":1,"featured_media":0,"parent":0,"menu_order":0,"comment_status":"open","ping_status":"open","template":"full_width.php","meta":{"_exactmetrics_skip_tracking":false,"_exactmetrics_sitenote_active":false,"_exactmetrics_sitenote_note":"","_exactmetrics_sitenote_category":0,"footnotes":""},"class_list":["post-16175","page","type-page","status-publish","hentry"],"_links":{"self":[{"href":"https:\/\/escolapios.cl\/wp\/wp-json\/wp\/v2\/pages\/16175","targetHints":{"allow":["GET"]}}],"collection":[{"href":"https:\/\/escolapios.cl\/wp\/wp-json\/wp\/v2\/pages"}],"about":[{"href":"https:\/\/escolapios.cl\/wp\/wp-json\/wp\/v2\/types\/page"}],"author":[{"embeddable":true,"href":"https:\/\/escolapios.cl\/wp\/wp-json\/wp\/v2\/users\/1"}],"replies":[{"embeddable":true,"href":"https:\/\/escolapios.cl\/wp\/wp-json\/wp\/v2\/comments?post=16175"}],"version-history":[{"count":11,"href":"https:\/\/escolapios.cl\/wp\/wp-json\/wp\/v2\/pages\/16175\/revisions"}],"predecessor-version":[{"id":17596,"href":"https:\/\/escolapios.cl\/wp\/wp-json\/wp\/v2\/pages\/16175\/revisions\/17596"}],"wp:attachment":[{"href":"https:\/\/escolapios.cl\/wp\/wp-json\/wp\/v2\/media?parent=16175"}],"curies":[{"name":"wp","href":"https:\/\/api.w.org\/{rel}","templated":true}]}}