{"id":16946,"date":"2020-10-12T12:14:43","date_gmt":"2020-10-12T15:14:43","guid":{"rendered":"https:\/\/escolapios.cl\/wp\/?page_id=16946"},"modified":"2025-04-08T11:47:51","modified_gmt":"2025-04-08T15:47:51","slug":"departamento-de-calidad","status":"publish","type":"page","link":"https:\/\/escolapios.cl\/wp\/departamento-de-calidad\/","title":{"rendered":"Departamento de Calidad"},"content":{"rendered":"<p>[vc_row css_animation=\u00bb\u00bb row_type=\u00bbrow\u00bb use_row_as_full_screen_section=\u00bbno\u00bb type=\u00bbfull_width\u00bb angled_section=\u00bbno\u00bb text_align=\u00bbleft\u00bb background_image_as_pattern=\u00bbwithout_pattern\u00bb][vc_column][vc_column_text]<strong>5 OCTUBRE 2020<\/strong>[\/vc_column_text][vc_row_inner row_type=\u00bbrow\u00bb type=\u00bbfull_width\u00bb text_align=\u00bbleft\u00bb css_animation=\u00bb\u00bb][vc_column_inner width=\u00bb1\/2&#8243;][vc_single_image image=\u00bb17569&#8243; img_size=\u00bblarge\u00bb qode_css_animation=\u00bb\u00bb][\/vc_column_inner][vc_column_inner width=\u00bb1\/2&#8243;][vc_column_text]<strong>PROYECTO ESTRAT\u00c9GICO 2023-2026<\/strong><\/p>\n<p>Tras un arduo trabajo de revisi\u00f3n realizado por el equipo de Calidad de la Delegaci\u00f3n y con el aporte de los Secretariados de Pastoral, Educaci\u00f3n, Econom\u00eda, la Congregaci\u00f3n de la Delegaci\u00f3n e integrantes de la Fraternidad, hemos concretado el documento del Proyecto Estrat\u00e9gico de las Escuelas P\u00edas de Chile, para el per\u00edodo 2023-2026.<\/p>\n<p>El documento, recoge las principales l\u00edneas de trabajo se\u00f1aladas en la \u201cHoja de Ruta Sexenal\u201d de la Orden y se adec\u00faa a nuestra realidad concreta, gracias al aporte de los equipos de trabajo. Tambi\u00e9n se nutre de las \u201ctareas pendientes\u201d que vienen de los proyectos estrat\u00e9gicos anteriores y la evaluaci\u00f3n permanente de nuestro sistema de mejora continua que impulsa el equipo de Calidad.<\/p>\n<p>Este instrumento de trabajo es una herramienta clave de nuestra gesti\u00f3n, y define el camino de nuestras obras para encauzar los esfuerzos y recursos y as\u00ed lograr los objetivos propuestos.<\/p>\n<p>Creemos que no basta con su simple publicaci\u00f3n y entrega a todos los integrantes de la comunidad. Este es el inicio de un nuevo per\u00edodo y requiere un gran esfuerzo para todos aquellos que realizan una labor directiva y de liderazgo. El impulso de cada uno de los objetivos, en los que hemos designado un responsable, implicar\u00e1 apoyo y a la vez compromiso para sacar adelante aquellas acciones que son necesarias para concretar las metas.<\/p>\n<p>En la pr\u00e1ctica, iremos desarrollando distintas actividades, para ir dando la \u201cbajada\u201d y hacer operativos cada uno de los objetivos, l\u00edneas e ideas estrat\u00e9gicas. El trabajo de los Equipos de Presencia de cada lugar y de los Directivos de los colegios, ser\u00e1 clave para la ejecuci\u00f3n y puesta en marcha de las acciones necesarias para dar respuesta a todo aquello que nos comprometemos en los Proyectos educativos de cada centro.<\/p>\n<p>Con relaci\u00f3n al documento, queremos destacar que este se presenta en un nuevo formato, m\u00e1s grande con respecto a las versiones anteriores. Esto con el fin de facilitar su lectura y uso. Hemos incorporado infograf\u00edas, e informaci\u00f3n relevante, que creemos ser\u00e1 de utilidad para todos. La portada, es un dibujo de san Jos\u00e9 de Calasanz haciendo la se\u00f1al de la cruz, al que hemos llegado a trav\u00e9s de \u201cSM Educamos\u201d.<\/p>\n<p>&nbsp;<\/p>\n<p>&nbsp;<\/p>\n<p><strong><span style=\"color: #ff0000;\"><a style=\"color: #ff0000;\" href=\"https:\/\/drive.google.com\/file\/d\/189g3pvDa6nTqP3iPV5xgQEkQXgzu1LoJ\/view?usp=sharing\" target=\"_blank\" rel=\"noopener\">Descarga aqu\u00ed<\/a><\/span><\/strong>[\/vc_column_text][\/vc_column_inner][\/vc_row_inner][\/vc_column][\/vc_row]<\/p>\n","protected":false},"excerpt":{"rendered":"<p>[vc_row css_animation=\u00bb\u00bb row_type=\u00bbrow\u00bb use_row_as_full_screen_section=\u00bbno\u00bb type=\u00bbfull_width\u00bb angled_section=\u00bbno\u00bb text_align=\u00bbleft\u00bb background_image_as_pattern=\u00bbwithout_pattern\u00bb][vc_column][vc_column_text]5 OCTUBRE 2020[\/vc_column_text][vc_row_inner row_type=\u00bbrow\u00bb type=\u00bbfull_width\u00bb text_align=\u00bbleft\u00bb css_animation=\u00bb\u00bb][vc_column_inner width=\u00bb1\/2&#8243;][vc_single_image image=\u00bb17569&#8243; img_size=\u00bblarge\u00bb qode_css_animation=\u00bb\u00bb][\/vc_column_inner][vc_column_inner width=\u00bb1\/2&#8243;][vc_column_text]PROYECTO ESTRAT\u00c9GICO 2023-2026 Tras un arduo trabajo de revisi\u00f3n realizado por el equipo de Calidad de la Delegaci\u00f3n y con el aporte de los Secretariados de Pastoral,&#8230;<\/p>\n","protected":false},"author":1,"featured_media":16963,"parent":0,"menu_order":0,"comment_status":"closed","ping_status":"closed","template":"","meta":{"_exactmetrics_skip_tracking":false,"_exactmetrics_sitenote_active":false,"_exactmetrics_sitenote_note":"","_exactmetrics_sitenote_category":0,"footnotes":""},"class_list":["post-16946","page","type-page","status-publish","has-post-thumbnail","hentry"],"_links":{"self":[{"href":"https:\/\/escolapios.cl\/wp\/wp-json\/wp\/v2\/pages\/16946","targetHints":{"allow":["GET"]}}],"collection":[{"href":"https:\/\/escolapios.cl\/wp\/wp-json\/wp\/v2\/pages"}],"about":[{"href":"https:\/\/escolapios.cl\/wp\/wp-json\/wp\/v2\/types\/page"}],"author":[{"embeddable":true,"href":"https:\/\/escolapios.cl\/wp\/wp-json\/wp\/v2\/users\/1"}],"replies":[{"embeddable":true,"href":"https:\/\/escolapios.cl\/wp\/wp-json\/wp\/v2\/comments?post=16946"}],"version-history":[{"count":20,"href":"https:\/\/escolapios.cl\/wp\/wp-json\/wp\/v2\/pages\/16946\/revisions"}],"predecessor-version":[{"id":17574,"href":"https:\/\/escolapios.cl\/wp\/wp-json\/wp\/v2\/pages\/16946\/revisions\/17574"}],"wp:featuredmedia":[{"embeddable":true,"href":"https:\/\/escolapios.cl\/wp\/wp-json\/wp\/v2\/media\/16963"}],"wp:attachment":[{"href":"https:\/\/escolapios.cl\/wp\/wp-json\/wp\/v2\/media?parent=16946"}],"curies":[{"name":"wp","href":"https:\/\/api.w.org\/{rel}","templated":true}]}}